{"id":31,"date":"2022-04-19T18:28:19","date_gmt":"2022-04-19T16:28:19","guid":{"rendered":"https:\/\/linos-denia.com\/wordpress\/?page_id=31"},"modified":"2024-05-03T08:53:40","modified_gmt":"2024-05-03T06:53:40","slug":"linos-restaurant","status":"publish","type":"page","link":"https:\/\/linos-denia.com\/wordpress\/","title":{"rendered":""},"content":{"rendered":"\n<p class=\"has-medium-font-size\"><\/p>\n\n\n\n<h1 class=\"wp-block-heading has-text-align-center has-medium-font-size\" style=\"font-style:normal;font-weight:800\">Herzlich Willkommen im Lino\u00b4s !<\/h1>\n\n\n\n<p class=\"has-text-align-center has-small-font-size\"><br>Genie\u00dfen Sie den Blick \u00fcber die Stadt<br>und die ruhige Umgebung mit Ihrer Begleitung<br>bei einem Wohlf\u00fchlambiente.<br><br>Ganz nach dem Motto<br>&#8220;Klein. Fein. Pers\u00f6nlich&#8221;<\/p>\n\n\n\n<p class=\"has-text-align-center has-small-font-size\"><br><br><br>Tischreservierung unter Telefon \/ Whatsapp +34 619 529 702<br>oder eMail: info@linos-denia.com <\/p>\n\n\n\n<div class=\"wp-block-columns is-layout-flex wp-container-core-columns-is-layout-9d6595d7 wp-block-columns-is-layout-flex\">\n<div class=\"wp-block-column is-layout-flow wp-block-column-is-layout-flow\"><div class=\"wp-block-image\">\n<figure class=\"aligncenter size-large is-resized\"><a href=\"https:\/\/linos-denia.com\/wp-content\/uploads\/2023\/10\/2023-10-9-Linos-Garten-02.jpg\"><img loading=\"lazy\" decoding=\"async\" width=\"1024\" height=\"462\" src=\"https:\/\/linos-denia.com\/wp-content\/uploads\/2023\/10\/2023-10-9-Linos-Garten-02-1024x462.jpg\" alt=\"\" class=\"wp-image-421\" style=\"aspect-ratio:2.2164502164502164;width:580px;height:auto\" srcset=\"https:\/\/linos-denia.com\/wp-content\/uploads\/2023\/10\/2023-10-9-Linos-Garten-02-1024x462.jpg 1024w, https:\/\/linos-denia.com\/wp-content\/uploads\/2023\/10\/2023-10-9-Linos-Garten-02-300x135.jpg 300w, https:\/\/linos-denia.com\/wp-content\/uploads\/2023\/10\/2023-10-9-Linos-Garten-02-768x346.jpg 768w, https:\/\/linos-denia.com\/wp-content\/uploads\/2023\/10\/2023-10-9-Linos-Garten-02-1536x692.jpg 1536w, https:\/\/linos-denia.com\/wp-content\/uploads\/2023\/10\/2023-10-9-Linos-Garten-02.jpg 2048w\" sizes=\"auto, (max-width: 1024px) 100vw, 1024px\" \/><\/a><\/figure>\n<\/div><\/div>\n<\/div>\n\n\n\n<p><\/p>\n\n\n\n<p class=\"has-text-align-center has-medium-font-size\"><mark style=\"background-color:rgba(0, 0, 0, 0);color:#501212\" class=\"has-inline-color\"><strong>Unsere drei Standbeine<\/strong>:<\/mark><\/p>\n\n\n\n<p class=\"has-text-align-center has-small-font-size\">Food Club am Fu\u00dfe des Montgo<\/p>\n\n\n\n<p class=\"has-text-align-center has-small-font-size\">Catering f\u00fcr Ihre Festlichkeiten und Veranstaltungen<\/p>\n\n\n\n<p class=\"has-text-align-center has-small-font-size\">Beratung und Probleml\u00f6sungen f\u00fcr Ihr Restaurant<\/p>\n\n\n\n<figure class=\"wp-block-image size-large\"><a href=\"https:\/\/linos-denia.com\/wp-content\/uploads\/2023\/05\/IMG_20230508_214012908.jpg\"><img loading=\"lazy\" decoding=\"async\" width=\"1024\" height=\"430\" src=\"https:\/\/linos-denia.com\/wp-content\/uploads\/2023\/05\/IMG_20230508_214012908-1024x430.jpg\" alt=\"\" class=\"wp-image-357\" srcset=\"https:\/\/linos-denia.com\/wp-content\/uploads\/2023\/05\/IMG_20230508_214012908-1024x430.jpg 1024w, https:\/\/linos-denia.com\/wp-content\/uploads\/2023\/05\/IMG_20230508_214012908-300x126.jpg 300w, https:\/\/linos-denia.com\/wp-content\/uploads\/2023\/05\/IMG_20230508_214012908-768x323.jpg 768w, https:\/\/linos-denia.com\/wp-content\/uploads\/2023\/05\/IMG_20230508_214012908-1536x645.jpg 1536w, https:\/\/linos-denia.com\/wp-content\/uploads\/2023\/05\/IMG_20230508_214012908-2048x860.jpg 2048w\" sizes=\"auto, (max-width: 1024px) 100vw, 1024px\" \/><\/a><figcaption class=\"wp-element-caption\">Blick von unserer Aussichtsterrasse \u00fcber Denia<\/figcaption><\/figure>\n\n\n\n<p class=\"has-text-align-center has-small-font-size\"><br>Benny Schaefer &amp; Mirko Peichl<br><br>Lino\u00b4s&nbsp; Gastronomy &amp; Services<\/p>\n","protected":false},"excerpt":{"rendered":"<p>Herzlich Willkommen im Lino\u00b4s ! Genie\u00dfen Sie den Blick \u00fcber die Stadtund die ruhige Umgebung mit Ihrer Begleitungbei einem Wohlf\u00fchlambiente. Ganz nach dem Motto&#8220;Klein. Fein. Pers\u00f6nlich&#8221; Tischreservierung unter Telefon \/ Whatsapp +34 619 529 702oder eMail: info@linos-denia.com Unsere drei Standbeine: Food Club am Fu\u00dfe des Montgo Catering f\u00fcr Ihre Festlichkeiten und Veranstaltungen Beratung und Probleml\u00f6sungen &hellip; <a href=\"https:\/\/linos-denia.com\/wordpress\/\" class=\"more-link\"><span class=\"screen-reader-text\"><\/span> weiterlesen <span class=\"meta-nav\">&rarr;<\/span><\/a><\/p>\n","protected":false},"author":1,"featured_media":0,"parent":0,"menu_order":0,"comment_status":"closed","ping_status":"closed","template":"","meta":{"footnotes":""},"class_list":["post-31","page","type-page","status-publish","hentry"],"_links":{"self":[{"href":"https:\/\/linos-denia.com\/wordpress\/wp-json\/wp\/v2\/pages\/31","targetHints":{"allow":["GET"]}}],"collection":[{"href":"https:\/\/linos-denia.com\/wordpress\/wp-json\/wp\/v2\/pages"}],"about":[{"href":"https:\/\/linos-denia.com\/wordpress\/wp-json\/wp\/v2\/types\/page"}],"author":[{"embeddable":true,"href":"https:\/\/linos-denia.com\/wordpress\/wp-json\/wp\/v2\/users\/1"}],"replies":[{"embeddable":true,"href":"https:\/\/linos-denia.com\/wordpress\/wp-json\/wp\/v2\/comments?post=31"}],"version-history":[{"count":41,"href":"https:\/\/linos-denia.com\/wordpress\/wp-json\/wp\/v2\/pages\/31\/revisions"}],"predecessor-version":[{"id":600,"href":"https:\/\/linos-denia.com\/wordpress\/wp-json\/wp\/v2\/pages\/31\/revisions\/600"}],"wp:attachment":[{"href":"https:\/\/linos-denia.com\/wordpress\/wp-json\/wp\/v2\/media?parent=31"}],"curies":[{"name":"wp","href":"https:\/\/api.w.org\/{rel}","templated":true}]}}