{"id":322,"date":"2023-04-30T12:41:29","date_gmt":"2023-04-30T10:41:29","guid":{"rendered":"https:\/\/linos-denia.com\/wordpress\/?page_id=322"},"modified":"2024-12-28T18:34:22","modified_gmt":"2024-12-28T17:34:22","slug":"linos-boutique-food-club","status":"publish","type":"page","link":"https:\/\/linos-denia.com\/wordpress\/linos-boutique-food-club\/","title":{"rendered":"Lino&#8217;s Boutique Food Club"},"content":{"rendered":"\n<p class=\"has-text-align-center has-medium-font-size\">mit wenigen Worten ausgedr\u00fcckt. <\/p>\n\n\n\n<p class=\"has-text-align-center has-small-font-size\">Wir bieten Ihnen am Fu\u00dfe des Montgo einem atemberaubenden Blick auf die Costa Blanca,<\/p>\n\n\n\n<p class=\"has-text-align-center has-small-font-size\">verbunden mit kulinarischen Leckerbissen aus 14 Jahren Erfahrung in Denia.<\/p>\n\n\n<div class=\"wp-block-image is-style-default\">\n<figure class=\"aligncenter size-large is-resized\"><a href=\"https:\/\/linos-denia.com\/wp-content\/uploads\/2023\/08\/IMG_20230801_213432370-scaled.jpg\"><img loading=\"lazy\" decoding=\"async\" width=\"1024\" height=\"768\" src=\"https:\/\/linos-denia.com\/wp-content\/uploads\/2023\/08\/IMG_20230801_213432370-1024x768.jpg\" alt=\"\" class=\"wp-image-372\" style=\"width:348px;height:261px\" srcset=\"https:\/\/linos-denia.com\/wp-content\/uploads\/2023\/08\/IMG_20230801_213432370-1024x768.jpg 1024w, https:\/\/linos-denia.com\/wp-content\/uploads\/2023\/08\/IMG_20230801_213432370-300x225.jpg 300w, https:\/\/linos-denia.com\/wp-content\/uploads\/2023\/08\/IMG_20230801_213432370-768x576.jpg 768w, https:\/\/linos-denia.com\/wp-content\/uploads\/2023\/08\/IMG_20230801_213432370-1536x1152.jpg 1536w, https:\/\/linos-denia.com\/wp-content\/uploads\/2023\/08\/IMG_20230801_213432370-2048x1536.jpg 2048w\" sizes=\"auto, (max-width: 1024px) 100vw, 1024px\" \/><\/a><\/figure>\n<\/div>\n\n\n<p class=\"has-text-align-center has-small-font-size\">Wir sind ein privater Club.<br><br>Durch Reservierung erwerben Sie automatisch und kostenlos die Mitgliedschaft.<\/p>\n\n\n\n<p class=\"has-text-align-center has-small-font-size\">Die Mitgliedschaft gilt f\u00fcr ein Jahr <br>und verl\u00e4ngert kostenfrei sich bei einem Besuch um 1 Jahr.<br><br>Sie k\u00f6nnen nat\u00fcrlich sehr gern Freunde und Bekannte mitbringen.<\/p>\n\n\n<div class=\"wp-block-image\">\n<figure class=\"aligncenter size-large\"><a href=\"https:\/\/linos-denia.com\/wp-content\/uploads\/2023\/10\/2023-10-9-Linos-Garten-02.jpg\"><img loading=\"lazy\" decoding=\"async\" width=\"1024\" height=\"462\" src=\"https:\/\/linos-denia.com\/wp-content\/uploads\/2023\/10\/2023-10-9-Linos-Garten-02-1024x462.jpg\" alt=\"\" class=\"wp-image-421\" srcset=\"https:\/\/linos-denia.com\/wp-content\/uploads\/2023\/10\/2023-10-9-Linos-Garten-02-1024x462.jpg 1024w, https:\/\/linos-denia.com\/wp-content\/uploads\/2023\/10\/2023-10-9-Linos-Garten-02-300x135.jpg 300w, https:\/\/linos-denia.com\/wp-content\/uploads\/2023\/10\/2023-10-9-Linos-Garten-02-768x346.jpg 768w, https:\/\/linos-denia.com\/wp-content\/uploads\/2023\/10\/2023-10-9-Linos-Garten-02-1536x692.jpg 1536w, https:\/\/linos-denia.com\/wp-content\/uploads\/2023\/10\/2023-10-9-Linos-Garten-02.jpg 2048w\" sizes=\"auto, (max-width: 1024px) 100vw, 1024px\" \/><\/a><figcaption class=\"wp-element-caption\">Gartenterasse<\/figcaption><\/figure>\n<\/div>\n\n\n<p class=\"has-text-align-center has-small-font-size\">Wenn Sie kostenloses Mitglied werden m\u00f6chten, <br>setzen Sie sich bitte per Email oder Telefon mit uns in Verbindung<\/p>\n\n\n\n<figure class=\"wp-block-image size-large\"><a href=\"https:\/\/linos-denia.com\/wp-content\/uploads\/2023\/08\/IMG-20230802-WA0007.jpg\"><img loading=\"lazy\" decoding=\"async\" width=\"1024\" height=\"461\" src=\"https:\/\/linos-denia.com\/wp-content\/uploads\/2023\/08\/IMG-20230802-WA0007-1024x461.jpg\" alt=\"\" class=\"wp-image-377\" srcset=\"https:\/\/linos-denia.com\/wp-content\/uploads\/2023\/08\/IMG-20230802-WA0007-1024x461.jpg 1024w, https:\/\/linos-denia.com\/wp-content\/uploads\/2023\/08\/IMG-20230802-WA0007-300x135.jpg 300w, https:\/\/linos-denia.com\/wp-content\/uploads\/2023\/08\/IMG-20230802-WA0007-768x346.jpg 768w, https:\/\/linos-denia.com\/wp-content\/uploads\/2023\/08\/IMG-20230802-WA0007-1536x691.jpg 1536w, https:\/\/linos-denia.com\/wp-content\/uploads\/2023\/08\/IMG-20230802-WA0007.jpg 2000w\" sizes=\"auto, (max-width: 1024px) 100vw, 1024px\" \/><\/a><figcaption class=\"wp-element-caption\">Aussichtsterrasse<\/figcaption><\/figure>\n\n\n\n<p class=\"has-text-align-center has-small-font-size\">Auf unserer Aussichtsterrasse<br>genie\u00dfen Sie im Loungebereich Ihren Aperitif <br>zu dem wir kleine Snacks kostenfrei reichen.<br><br>Der Tisch auf unserer Aussichtsterrasse<br>ist f\u00fcr max. 4 Personen reservierbar<br>und wird mit Vintage-Silberbesteck und individuellem Geschirr,<br>sowie Kristallgl\u00e4sern eingedeckt.<\/p>\n\n\n\n<p class=\"has-text-align-center has-small-font-size\">Der Aufpreis hierf\u00fcrbetr\u00e4gt 14\u20ac p.P.<\/p>\n\n\n<div class=\"wp-block-image\">\n<figure class=\"aligncenter size-large\"><a href=\"https:\/\/linos-denia.com\/wp-content\/uploads\/2023\/08\/IMG-20230802-WA0006.jpg\"><img loading=\"lazy\" decoding=\"async\" width=\"595\" height=\"1024\" src=\"https:\/\/linos-denia.com\/wp-content\/uploads\/2023\/08\/IMG-20230802-WA0006-595x1024.jpg\" alt=\"\" class=\"wp-image-375\" srcset=\"https:\/\/linos-denia.com\/wp-content\/uploads\/2023\/08\/IMG-20230802-WA0006-595x1024.jpg 595w, https:\/\/linos-denia.com\/wp-content\/uploads\/2023\/08\/IMG-20230802-WA0006-300x517.jpg 300w, https:\/\/linos-denia.com\/wp-content\/uploads\/2023\/08\/IMG-20230802-WA0006-174x300.jpg 174w, https:\/\/linos-denia.com\/wp-content\/uploads\/2023\/08\/IMG-20230802-WA0006-768x1323.jpg 768w, https:\/\/linos-denia.com\/wp-content\/uploads\/2023\/08\/IMG-20230802-WA0006-892x1536.jpg 892w, https:\/\/linos-denia.com\/wp-content\/uploads\/2023\/08\/IMG-20230802-WA0006.jpg 1189w\" sizes=\"auto, (max-width: 595px) 100vw, 595px\" \/><\/a><figcaption class=\"wp-element-caption\">Sonnenuntergang auf der Aussichtsterrasse<\/figcaption><\/figure>\n<\/div>\n\n\n<p class=\"has-text-align-center has-small-font-size\">Wir informieren Sie an dieser Stelle, da\u00df wir f\u00fcr Reservierungen mindestens<br>einen Werktag Vorlauf ben\u00f6tigen. <br>Wir kaufen frisch ein; bereiten auf Basis der Reservierung zu<br>und betreiben keine Lagerhaltung.<\/p>\n\n\n\n<p class=\"has-text-align-center has-small-font-size\">info@linos-denia.com     +34 619 529 702 (Mirko)   +34 655 389 409 (Benny)<\/p>\n","protected":false},"excerpt":{"rendered":"<p>mit wenigen Worten ausgedr\u00fcckt. Wir bieten Ihnen am Fu\u00dfe des Montgo einem atemberaubenden Blick auf die Costa Blanca, verbunden mit kulinarischen Leckerbissen aus 14 Jahren Erfahrung in Denia. Wir sind ein privater Club. Durch Reservierung erwerben Sie automatisch und kostenlos die Mitgliedschaft. Die Mitgliedschaft gilt f\u00fcr ein Jahr und verl\u00e4ngert kostenfrei sich bei einem Besuch &hellip; <a href=\"https:\/\/linos-denia.com\/wordpress\/linos-boutique-food-club\/\" class=\"more-link\"><span class=\"screen-reader-text\">Lino&#8217;s Boutique Food Club<\/span> weiterlesen <span class=\"meta-nav\">&rarr;<\/span><\/a><\/p>\n","protected":false},"author":1,"featured_media":0,"parent":0,"menu_order":0,"comment_status":"closed","ping_status":"closed","template":"","meta":{"footnotes":""},"class_list":["post-322","page","type-page","status-publish","hentry"],"_links":{"self":[{"href":"https:\/\/linos-denia.com\/wordpress\/wp-json\/wp\/v2\/pages\/322","targetHints":{"allow":["GET"]}}],"collection":[{"href":"https:\/\/linos-denia.com\/wordpress\/wp-json\/wp\/v2\/pages"}],"about":[{"href":"https:\/\/linos-denia.com\/wordpress\/wp-json\/wp\/v2\/types\/page"}],"author":[{"embeddable":true,"href":"https:\/\/linos-denia.com\/wordpress\/wp-json\/wp\/v2\/users\/1"}],"replies":[{"embeddable":true,"href":"https:\/\/linos-denia.com\/wordpress\/wp-json\/wp\/v2\/comments?post=322"}],"version-history":[{"count":25,"href":"https:\/\/linos-denia.com\/wordpress\/wp-json\/wp\/v2\/pages\/322\/revisions"}],"predecessor-version":[{"id":666,"href":"https:\/\/linos-denia.com\/wordpress\/wp-json\/wp\/v2\/pages\/322\/revisions\/666"}],"wp:attachment":[{"href":"https:\/\/linos-denia.com\/wordpress\/wp-json\/wp\/v2\/media?parent=322"}],"curies":[{"name":"wp","href":"https:\/\/api.w.org\/{rel}","templated":true}]}}