{"id":36,"date":"2022-04-19T18:37:32","date_gmt":"2022-04-19T16:37:32","guid":{"rendered":"https:\/\/linos-denia.com\/wordpress\/?page_id=36"},"modified":"2022-04-19T18:37:33","modified_gmt":"2022-04-19T16:37:33","slug":"wir-ueber-uns","status":"publish","type":"page","link":"https:\/\/linos-denia.com\/wordpress\/wir-ueber-uns\/","title":{"rendered":"Wir \u00fcber uns"},"content":{"rendered":"\n<h3 class=\"has-text-align-center has-large-font-size wp-block-heading\"><strong>Klein. Fein. Pers\u00f6nlich.<\/strong><\/h3>\n\n\n\n<p class=\"has-text-align-center has-medium-font-size\"><br><br>So kann man knapp Philosophie und Konzept des Lino\u00b4s beschreiben.<br>Wir legen Wert auf hochwertige, frische Zutaten f\u00fcr unsere Internationale Speisenauswahl, sowie auf pers\u00f6nlichen und stilvollen Service.<br><br>Wenn Sie sich im Lino\u00b4s \u00a0&#8221; wie zuhause &#8221; f\u00fchlen haben wir Ihre und unsere Vorstellungen erf\u00fcllt und freuen uns auf ein Wiedersehen!<br><br><\/p>\n\n\n\n<div class=\"wp-block-image\"><figure class=\"aligncenter is-resized\"><a href=\"http:\/\/www.internetbaukasten.de\/data\/kundendaten\/277794\/Benny_und_MirkoSW.jpg\"><img loading=\"lazy\" decoding=\"async\" src=\"http:\/\/www.internetbaukasten.de\/data\/kundendaten\/277794\/Benny_und_MirkoSW.jpg\" alt=\"\" width=\"385\" height=\"385\"\/><\/a><\/figure><\/div>\n\n\n\n<h3 class=\"has-text-align-center has-medium-font-size wp-block-heading\">Mirko Peichl<\/h3>\n\n\n\n<p><\/p>\n\n\n\n<p class=\"has-text-align-center has-medium-font-size\">Die K\u00fcche ist sein Reich. Stets von neuen Geschmackskombinationen inspiriert zaubert er dort f\u00fcr Sie aus markt- und fangfrischen Zutaten mit handwerklichem K\u00f6nnen internationale kulinarische Gen\u00fcsse. weitere Inhalte hinzuf\u00fcgen<br><\/p>\n\n\n\n<h3 class=\"has-text-align-center has-large-font-size wp-block-heading\">Benny Schaefer<\/h3>\n\n\n\n<p><\/p>\n\n\n\n<p class=\"has-text-align-center has-medium-font-size\">Sorgt mit pers\u00f6nlichem Service f\u00fcr<br>Ihr Wohlergehen im Lino\u00b4s.<br>Ausgesuchte Weine und Spezialit\u00e4ten unserer Bar, sowie stilvolle Pr\u00e4sentation sind seit Jahren seine Leidenschaft.<\/p>\n","protected":false},"excerpt":{"rendered":"<p>Klein. Fein. Pers\u00f6nlich. So kann man knapp Philosophie und Konzept des Lino\u00b4s beschreiben.Wir legen Wert auf hochwertige, frische Zutaten f\u00fcr unsere Internationale Speisenauswahl, sowie auf pers\u00f6nlichen und stilvollen Service. Wenn Sie sich im Lino\u00b4s \u00a0&#8221; wie zuhause &#8221; f\u00fchlen haben wir Ihre und unsere Vorstellungen erf\u00fcllt und freuen uns auf ein Wiedersehen! Mirko Peichl Die &hellip; <a href=\"https:\/\/linos-denia.com\/wordpress\/wir-ueber-uns\/\" class=\"more-link\"><span class=\"screen-reader-text\">Wir \u00fcber uns<\/span> weiterlesen <span class=\"meta-nav\">&rarr;<\/span><\/a><\/p>\n","protected":false},"author":1,"featured_media":0,"parent":0,"menu_order":0,"comment_status":"closed","ping_status":"closed","template":"","meta":{"footnotes":""},"class_list":["post-36","page","type-page","status-publish","hentry"],"_links":{"self":[{"href":"https:\/\/linos-denia.com\/wordpress\/wp-json\/wp\/v2\/pages\/36","targetHints":{"allow":["GET"]}}],"collection":[{"href":"https:\/\/linos-denia.com\/wordpress\/wp-json\/wp\/v2\/pages"}],"about":[{"href":"https:\/\/linos-denia.com\/wordpress\/wp-json\/wp\/v2\/types\/page"}],"author":[{"embeddable":true,"href":"https:\/\/linos-denia.com\/wordpress\/wp-json\/wp\/v2\/users\/1"}],"replies":[{"embeddable":true,"href":"https:\/\/linos-denia.com\/wordpress\/wp-json\/wp\/v2\/comments?post=36"}],"version-history":[{"count":1,"href":"https:\/\/linos-denia.com\/wordpress\/wp-json\/wp\/v2\/pages\/36\/revisions"}],"predecessor-version":[{"id":37,"href":"https:\/\/linos-denia.com\/wordpress\/wp-json\/wp\/v2\/pages\/36\/revisions\/37"}],"wp:attachment":[{"href":"https:\/\/linos-denia.com\/wordpress\/wp-json\/wp\/v2\/media?parent=36"}],"curies":[{"name":"wp","href":"https:\/\/api.w.org\/{rel}","templated":true}]}}