{"id":368,"date":"2023-08-14T07:38:16","date_gmt":"2023-08-14T05:38:16","guid":{"rendered":"https:\/\/linos-denia.com\/wordpress\/?page_id=368"},"modified":"2023-11-23T17:32:21","modified_gmt":"2023-11-23T16:32:21","slug":"linos-catering-und-eventbetreuung","status":"publish","type":"page","link":"https:\/\/linos-denia.com\/wordpress\/linos-catering-und-eventbetreuung\/","title":{"rendered":"Lino&#8217;s Catering und Eventbetreuung"},"content":{"rendered":"\n<div class=\"wp-block-columns is-layout-flex wp-container-core-columns-is-layout-9d6595d7 wp-block-columns-is-layout-flex\">\n<div class=\"wp-block-column is-layout-flow wp-block-column-is-layout-flow\" style=\"flex-basis:33.33%\">\n<figure class=\"wp-block-image size-large\"><a href=\"https:\/\/linos-denia.com\/wp-content\/uploads\/2023\/08\/IMG_20221125_144048887-scaled.jpg\"><img loading=\"lazy\" decoding=\"async\" width=\"768\" height=\"1024\" src=\"https:\/\/linos-denia.com\/wp-content\/uploads\/2023\/08\/IMG_20221125_144048887-768x1024.jpg\" alt=\"\" class=\"wp-image-383\" srcset=\"https:\/\/linos-denia.com\/wp-content\/uploads\/2023\/08\/IMG_20221125_144048887-768x1024.jpg 768w, https:\/\/linos-denia.com\/wp-content\/uploads\/2023\/08\/IMG_20221125_144048887-scaled-300x400.jpg 300w, https:\/\/linos-denia.com\/wp-content\/uploads\/2023\/08\/IMG_20221125_144048887-225x300.jpg 225w, https:\/\/linos-denia.com\/wp-content\/uploads\/2023\/08\/IMG_20221125_144048887-1152x1536.jpg 1152w, https:\/\/linos-denia.com\/wp-content\/uploads\/2023\/08\/IMG_20221125_144048887-1536x2048.jpg 1536w, https:\/\/linos-denia.com\/wp-content\/uploads\/2023\/08\/IMG_20221125_144048887-scaled.jpg 1920w\" sizes=\"auto, (max-width: 768px) 100vw, 768px\" \/><\/a><\/figure>\n<\/div>\n\n\n\n<div class=\"wp-block-column is-layout-flow wp-block-column-is-layout-flow\" style=\"flex-basis:66.66%\">\n<p class=\"has-text-align-center has-small-font-size\"><br>F\u00fcr Ihre privaten Anlass oder gesch\u00e4ftliche Veranstaltung bieten wir Ihnen verschiedene Optionen, bis ca. 25 Personen bei Ihnen zuhause.<\/p>\n\n\n\n<ul class=\"wp-block-list\">\n<li class=\"has-small-font-size\">individuell zusammengestellte Men\u00fcs, <br>entweder als Buffet oder einzeln auf Tellern serviert. <br><\/li>\n\n\n\n<li class=\"has-small-font-size\">nach pers\u00f6nlichen W\u00fcnschen gestaltete Tischdekoration, <br>z.B. florale Arrangements.<br><\/li>\n\n\n\n<li class=\"has-small-font-size\">Service f\u00fcr Gl\u00e4ser, Besteck und Geschirr, sowie Tischw\u00e4sche;<br>Rundum-sorglos-Service (bringen, eindecken, abr\u00e4umen).<\/li>\n<\/ul>\n<\/div>\n<\/div>\n\n\n<div class=\"wp-block-image\">\n<figure class=\"aligncenter size-large is-resized\"><a href=\"https:\/\/linos-denia.com\/wp-content\/uploads\/2023\/08\/IMG_20200614_140100849_HDR-scaled.jpg\"><img loading=\"lazy\" decoding=\"async\" width=\"2560\" height=\"1600\" src=\"https:\/\/linos-denia.com\/wp-content\/uploads\/2023\/08\/IMG_20200614_140100849_HDR-edited-scaled.jpg\" alt=\"\" class=\"wp-image-386\" style=\"width:349px;height:262px\" srcset=\"https:\/\/linos-denia.com\/wp-content\/uploads\/2023\/08\/IMG_20200614_140100849_HDR-edited-scaled.jpg 2560w, https:\/\/linos-denia.com\/wp-content\/uploads\/2023\/08\/IMG_20200614_140100849_HDR-edited-300x188.jpg 300w, https:\/\/linos-denia.com\/wp-content\/uploads\/2023\/08\/IMG_20200614_140100849_HDR-edited-1024x640.jpg 1024w, https:\/\/linos-denia.com\/wp-content\/uploads\/2023\/08\/IMG_20200614_140100849_HDR-edited-768x480.jpg 768w, https:\/\/linos-denia.com\/wp-content\/uploads\/2023\/08\/IMG_20200614_140100849_HDR-edited-1536x960.jpg 1536w, https:\/\/linos-denia.com\/wp-content\/uploads\/2023\/08\/IMG_20200614_140100849_HDR-edited-2048x1280.jpg 2048w\" sizes=\"auto, (max-width: 2560px) 100vw, 2560px\" \/><\/a><\/figure>\n<\/div>\n\n\n<p class=\"has-text-align-center has-small-font-size\">F\u00fcr Fragen und individuelle Angebote stehen wir Ihnen, <br>gern unter <strong>+34 619 529 702<\/strong> oder <strong>info@linos-denia.com<\/strong> zur Verf\u00fcgung.<\/p>\n\n\n<div class=\"wp-block-image\">\n<figure class=\"aligncenter size-large is-resized\"><a href=\"https:\/\/linos-denia.com\/wp-content\/uploads\/2023\/08\/IMG-20200215-WA0001.jpg\"><img loading=\"lazy\" decoding=\"async\" width=\"1024\" height=\"498\" src=\"https:\/\/linos-denia.com\/wp-content\/uploads\/2023\/08\/IMG-20200215-WA0001-1024x498.jpg\" alt=\"\" class=\"wp-image-387\" style=\"width:456px;height:222px\" srcset=\"https:\/\/linos-denia.com\/wp-content\/uploads\/2023\/08\/IMG-20200215-WA0001-1024x498.jpg 1024w, https:\/\/linos-denia.com\/wp-content\/uploads\/2023\/08\/IMG-20200215-WA0001-300x146.jpg 300w, https:\/\/linos-denia.com\/wp-content\/uploads\/2023\/08\/IMG-20200215-WA0001-768x374.jpg 768w, https:\/\/linos-denia.com\/wp-content\/uploads\/2023\/08\/IMG-20200215-WA0001.jpg 1508w\" sizes=\"auto, (max-width: 1024px) 100vw, 1024px\" \/><\/a><\/figure>\n<\/div>","protected":false},"excerpt":{"rendered":"<p>F\u00fcr Ihre privaten Anlass oder gesch\u00e4ftliche Veranstaltung bieten wir Ihnen verschiedene Optionen, bis ca. 25 Personen bei Ihnen zuhause. F\u00fcr Fragen und individuelle Angebote stehen wir Ihnen, gern unter +34 619 529 702 oder info@linos-denia.com zur Verf\u00fcgung.<\/p>\n","protected":false},"author":1,"featured_media":0,"parent":0,"menu_order":0,"comment_status":"closed","ping_status":"closed","template":"","meta":{"footnotes":""},"class_list":["post-368","page","type-page","status-publish","hentry"],"_links":{"self":[{"href":"https:\/\/linos-denia.com\/wordpress\/wp-json\/wp\/v2\/pages\/368","targetHints":{"allow":["GET"]}}],"collection":[{"href":"https:\/\/linos-denia.com\/wordpress\/wp-json\/wp\/v2\/pages"}],"about":[{"href":"https:\/\/linos-denia.com\/wordpress\/wp-json\/wp\/v2\/types\/page"}],"author":[{"embeddable":true,"href":"https:\/\/linos-denia.com\/wordpress\/wp-json\/wp\/v2\/users\/1"}],"replies":[{"embeddable":true,"href":"https:\/\/linos-denia.com\/wordpress\/wp-json\/wp\/v2\/comments?post=368"}],"version-history":[{"count":5,"href":"https:\/\/linos-denia.com\/wordpress\/wp-json\/wp\/v2\/pages\/368\/revisions"}],"predecessor-version":[{"id":493,"href":"https:\/\/linos-denia.com\/wordpress\/wp-json\/wp\/v2\/pages\/368\/revisions\/493"}],"wp:attachment":[{"href":"https:\/\/linos-denia.com\/wordpress\/wp-json\/wp\/v2\/media?parent=368"}],"curies":[{"name":"wp","href":"https:\/\/api.w.org\/{rel}","templated":true}]}}