{"id":452,"date":"2023-11-03T11:19:31","date_gmt":"2023-11-03T10:19:31","guid":{"rendered":"https:\/\/linos-denia.com\/wordpress\/?page_id=452"},"modified":"2024-03-14T18:12:57","modified_gmt":"2024-03-14T17:12:57","slug":"tanzkurse","status":"publish","type":"page","link":"https:\/\/linos-denia.com\/wordpress\/tanzkurse\/","title":{"rendered":"Tanzkurse"},"content":{"rendered":"\n<p><\/p>\n\n\n\n<p class=\"has-text-align-center\">Wann haben sie das letzte mal getanzt?<\/p>\n\n\n\n<p class=\"has-text-align-center\"><br>Tanzkurse @ Lino\u00b4s D\u00e9nia<\/p>\n\n\n\n<p class=\"has-text-align-center\"><br>Mein Name ist Benny, Ich bin ausgebildeter T\u00e4nzer,<br>und tanze aus Leidenschaft.<br><br>Zu den Kursen geh\u00f6ren Standard T\u00e4nze wie etwa Rumba,<br>Cha Cha Cha,Walzer, langsamer Walzer, Foxtrott, Quickstep, Tango.<br>Auch Charleston zum Beispiel wird wieder in Mode kommen, <br>genauso wie Vintage Kleidung.<br><br>Die Kurse beginnen mit den Grundschritten, <br>wieder ein Gef\u00fchl von Rhythmus zur Musik bekommen\u2026<br>Sp\u00e4ter dann Figuren, Promenaden, et cetera\u2026 <br><\/p>\n\n\n\n<p class=\"has-text-align-center\">Aufstellung und los geht es!<br><br>Meine pers\u00f6nliche Leidenschaft ist Tango Argentino.<br>Feuer, Erotik, Distanz und N\u00e4he.<br>Ein Wechselspiel im Rhythmus der weinenden Violinen von Argentinien.<br>Dies stellt einen Spezialkurs von mir dar.<br><br>F\u00fcr den Anfang: Grundschritte, danach Figuren.<br><br>Casual Dresscode. <br>Keine Lederschuhe, leichte Sneaker reichen<br>daf\u00fcr v\u00f6llig aus!<br><br>Information:<br>www.linos-denia.com<br>Oder per WhatsApp &amp; Telefon unter:<br>+34 655 389 409<\/p>\n\n\n\n<p><\/p>\n","protected":false},"excerpt":{"rendered":"<p>Wann haben sie das letzte mal getanzt? Tanzkurse @ Lino\u00b4s D\u00e9nia Mein Name ist Benny, Ich bin ausgebildeter T\u00e4nzer,und tanze aus Leidenschaft. Zu den Kursen geh\u00f6ren Standard T\u00e4nze wie etwa Rumba,Cha Cha Cha,Walzer, langsamer Walzer, Foxtrott, Quickstep, Tango.Auch Charleston zum Beispiel wird wieder in Mode kommen, genauso wie Vintage Kleidung. Die Kurse beginnen mit den &hellip; <a href=\"https:\/\/linos-denia.com\/wordpress\/tanzkurse\/\" class=\"more-link\"><span class=\"screen-reader-text\">Tanzkurse<\/span> weiterlesen <span class=\"meta-nav\">&rarr;<\/span><\/a><\/p>\n","protected":false},"author":1,"featured_media":0,"parent":0,"menu_order":0,"comment_status":"closed","ping_status":"closed","template":"","meta":{"footnotes":""},"class_list":["post-452","page","type-page","status-publish","hentry"],"_links":{"self":[{"href":"https:\/\/linos-denia.com\/wordpress\/wp-json\/wp\/v2\/pages\/452","targetHints":{"allow":["GET"]}}],"collection":[{"href":"https:\/\/linos-denia.com\/wordpress\/wp-json\/wp\/v2\/pages"}],"about":[{"href":"https:\/\/linos-denia.com\/wordpress\/wp-json\/wp\/v2\/types\/page"}],"author":[{"embeddable":true,"href":"https:\/\/linos-denia.com\/wordpress\/wp-json\/wp\/v2\/users\/1"}],"replies":[{"embeddable":true,"href":"https:\/\/linos-denia.com\/wordpress\/wp-json\/wp\/v2\/comments?post=452"}],"version-history":[{"count":4,"href":"https:\/\/linos-denia.com\/wordpress\/wp-json\/wp\/v2\/pages\/452\/revisions"}],"predecessor-version":[{"id":553,"href":"https:\/\/linos-denia.com\/wordpress\/wp-json\/wp\/v2\/pages\/452\/revisions\/553"}],"wp:attachment":[{"href":"https:\/\/linos-denia.com\/wordpress\/wp-json\/wp\/v2\/media?parent=452"}],"curies":[{"name":"wp","href":"https:\/\/api.w.org\/{rel}","templated":true}]}}