{"id":473,"date":"2023-11-21T11:33:28","date_gmt":"2023-11-21T10:33:28","guid":{"rendered":"https:\/\/linos-denia.com\/wordpress\/?page_id=473"},"modified":"2024-03-14T18:15:42","modified_gmt":"2024-03-14T17:15:42","slug":"training","status":"publish","type":"page","link":"https:\/\/linos-denia.com\/wordpress\/training\/","title":{"rendered":"Training"},"content":{"rendered":"\n<p class=\"has-text-align-center has-medium-font-size\"><br>Wie betreue ich G\u00e4ste zuhause oder<br>im Restaurant richtig?<br>\u2013 Von der Vorbereitung bis zum Abschied<br>\u2013 Mit Pannenhilfe f\u00fcr alle F\u00e4lle<br>\u2013 Die perfekte Einladung<\/p>\n\n\n\n<p class=\"has-text-align-center has-medium-font-size\"><br>Sie m\u00f6chten zuhause oder im Restaurant G\u00e4ste bewirten\/betreuen und entspannt feiern?<br>Bei uns finden sie, aufgrund \u00fcber 13 j\u00e4hriger Erfahrung die besten Ratschl\u00e4ge von der perfekten Einladung im grossen oder kleinen Kreis,<br>Feste, Feiern, Anl\u00e4sse oder auch nur unter Freunden, den passenden Lehrgang dazu.<br><\/p>\n\n\n\n<p class=\"has-text-align-center has-medium-font-size\">Ob Ambiente schaffen, Dekorationen, Raumgestaltung oder einfach nur<br>schlicht und einfach gekonnt auftreten!<\/p>\n\n\n\n<p><\/p>\n\n\n\n<p class=\"has-text-align-center has-medium-font-size\"><br>Gerne stehe ich f\u00fcr weitere Informationen zur Verf\u00fcgung<br>Die Kurse sind aufgeteilt in: Basic, Advanced und Profi.<br>Gerne auch mit Besichtigung der Statuten und Ausstattung bei ihnen vor Ort.<br>Unser Tischw\u00e4sche, Geschirr, Besteck, Gl\u00e4ser Service, so wie auch Service am Tisch steht ihnen gerne zur Verf\u00fcgung!<br>Falls sie gerne entspannt G\u00e4ste bewirten m\u00f6chten, nutzen sie unter Vorabsprache den kompletten Catering Service, oder nur Teile davon (Gl\u00e4ser,Besteck,Tischw\u00e4sche,Geschirr oder florale Arrangements).<\/p>\n\n\n\n<p class=\"has-text-align-center has-medium-font-size\"><br>Benny Sch\u00e4fer, Lino\u00b4s Boutique Food Club D\u00e9nia<br>+34 655 389 409<\/p>\n","protected":false},"excerpt":{"rendered":"<p>Wie betreue ich G\u00e4ste zuhause oderim Restaurant richtig?\u2013 Von der Vorbereitung bis zum Abschied\u2013 Mit Pannenhilfe f\u00fcr alle F\u00e4lle\u2013 Die perfekte Einladung Sie m\u00f6chten zuhause oder im Restaurant G\u00e4ste bewirten\/betreuen und entspannt feiern?Bei uns finden sie, aufgrund \u00fcber 13 j\u00e4hriger Erfahrung die besten Ratschl\u00e4ge von der perfekten Einladung im grossen oder kleinen Kreis,Feste, Feiern, Anl\u00e4sse &hellip; <a href=\"https:\/\/linos-denia.com\/wordpress\/training\/\" class=\"more-link\"><span class=\"screen-reader-text\">Training<\/span> weiterlesen <span class=\"meta-nav\">&rarr;<\/span><\/a><\/p>\n","protected":false},"author":1,"featured_media":0,"parent":0,"menu_order":0,"comment_status":"closed","ping_status":"closed","template":"","meta":{"footnotes":""},"class_list":["post-473","page","type-page","status-publish","hentry"],"_links":{"self":[{"href":"https:\/\/linos-denia.com\/wordpress\/wp-json\/wp\/v2\/pages\/473","targetHints":{"allow":["GET"]}}],"collection":[{"href":"https:\/\/linos-denia.com\/wordpress\/wp-json\/wp\/v2\/pages"}],"about":[{"href":"https:\/\/linos-denia.com\/wordpress\/wp-json\/wp\/v2\/types\/page"}],"author":[{"embeddable":true,"href":"https:\/\/linos-denia.com\/wordpress\/wp-json\/wp\/v2\/users\/1"}],"replies":[{"embeddable":true,"href":"https:\/\/linos-denia.com\/wordpress\/wp-json\/wp\/v2\/comments?post=473"}],"version-history":[{"count":7,"href":"https:\/\/linos-denia.com\/wordpress\/wp-json\/wp\/v2\/pages\/473\/revisions"}],"predecessor-version":[{"id":550,"href":"https:\/\/linos-denia.com\/wordpress\/wp-json\/wp\/v2\/pages\/473\/revisions\/550"}],"wp:attachment":[{"href":"https:\/\/linos-denia.com\/wordpress\/wp-json\/wp\/v2\/media?parent=473"}],"curies":[{"name":"wp","href":"https:\/\/api.w.org\/{rel}","templated":true}]}}